{"id":11,"date":"2025-12-31T15:38:49","date_gmt":"2025-12-31T15:38:49","guid":{"rendered":"https:\/\/smart-home-company.com.ar\/arg\/home\/"},"modified":"2026-01-15T16:21:06","modified_gmt":"2026-01-15T16:21:06","slug":"inicio","status":"publish","type":"page","link":"https:\/\/smart-home-company.com.ar\/arg\/","title":{"rendered":"Inicio"},"content":{"rendered":"<h1>\u00abDise\u00f1amos y construimos<\/h1>\n<h1>el sue\u00f1o de tu vida\u00bb<\/h1>\n<p>SMART HOME COMPANY<\/p>\n<p>\t\t\t\t\t<a href=\"https:\/\/smart-home-company.com.ar\/arg\/nosotros\/\"><br \/>\n\t\t\t\t\t\t\t\t\tVER M\u00c1S<br \/>\n\t\t\t\t\t<\/a><\/p>\n<h2>Todo lo que necesitas para construir tu casa ideal, en un solo lugar<\/h2>\n<p>\t\t\t\t\t\t\t<b>SERVICIOS<br \/><\/b>En Smart Home Company ofrecemos un servicio 100% integral, pensado para que vivas una experiencia simple, segura y sin complicaciones. Nos encargamos de cada etapa del proyecto, desde la primera idea, hasta la entrega de la llave en mano, integrando construcci\u00f3n moderna, paneles SIP y dom\u00f3tica avanzada.<br \/>\n\t\t\t\t\t\t\t<b>TR\u00c1MITES &#8211; SERVICIO INTEGRAL<br \/><\/b><strong>Proyecto Completo:<\/strong> Dise\u00f1o arquitect\u00f3nico, planos, visualizaciones y documentaci\u00f3n t\u00e9cnica.<br \/><strong>Estudios y Factibilidad:<\/strong> An\u00e1lisis de servicios, suelo, nivelaci\u00f3n y condiciones del terreno.<br \/><strong>Gesti\u00f3n de Servicios:<\/strong> Presentaci\u00f3n de factibilidad en Servicoop, Camuzzi, empresa de gas envasado.<br \/><strong>Gesti\u00f3n Municipal:<\/strong> Presentaci\u00f3n de planos, permisos y habilitaciones.<br \/>\n\t\t\t\t\t\t\t<b>OBRA &#8211; SERVICIO INTEGRAL<br \/><\/b><strong>Movimiento y Preparaci\u00f3n del Terreno:<\/strong> Platea, nivelaci\u00f3n y compactaci\u00f3n.<br \/><strong>Estructura SIP:<\/strong> Armado y montaje con precisi\u00f3n profesional.<br \/><strong>Colocaci\u00f3n de Aberturas:<\/strong> Interiores, exteriores.<br \/><strong>Instalaciones Completas:<\/strong> El\u00e9ctrica, agua, gas, cloacas, climatizaci\u00f3n y dom\u00f3tica integrada.<br \/><strong>Terminaciones:<\/strong> Cer\u00e1micos, pinturas, revestimientos, artefactos de ba\u00f1o, artefactos de cocina, colocaci\u00f3n de muebles en (cocina, dormitorios, estar, ba\u00f1o, despensa, lavadero), revestimiento exterior , veredin perimetral.<br \/><strong>Equipamiento Inteligente:<\/strong> Instalaci\u00f3n y configuraci\u00f3n del ecosistema Smart Home.<br \/>Puesta en Marcha + Limpieza Final de Obra: Tu casa lista para mudarte.<br \/>\n\t\t\t\t\t\t\t\t\t\t\t\t\t\t\t<img decoding=\"async\" src=\"https:\/\/smart-home-company.com.ar\/arg\/wp-content\/uploads\/elementor\/thumbs\/Estar-5-rh2j4j8zvy8jdg282bt578b862n5eq3uc0k2ngzqls.jpeg\" title=\"estar 5\" alt=\"estar 5\" loading=\"lazy\" \/>\t\t\t\t\t\t\t\t\t\t\t\t\t\t\t<\/p>\n<h2>Nuestros proyectos<\/h2>\n<p>Cada uno de nuestros proyectos nace del mismo lugar: <strong>tu deseo de vivir mejor.<\/strong><\/p>\n<p>Un hogar donde todo funciona para vos, donde cada espacio te abraza con confort, armon\u00eda y tecnolog\u00eda que simplifica tu vida.<\/p>\n<p>En Smart Home Company convertimos ese sue\u00f1o en una vivienda inteligente que <strong>te cuida, te acompa\u00f1a y se adapta a tu forma de vivir.<\/strong> Dise\u00f1amos hogares donde la eficiencia y el dise\u00f1o se combinan con lo \u00faltimo en innovaci\u00f3n para darte una experiencia \u00fanica, todos los d\u00edas.<\/p>\n<p>No construimos solo casas, <strong>creamos escenarios de vida,<\/strong> espacios que te hacen sentir orgullo, bienestar y la tranquilidad de que finalmente llegaste al lugar donde quer\u00e9s estar\u2026 y donde siempre vas a querer volver.<\/p>\n<h2>Nuestros Proyectos<\/h2>\n<p>Convertimos ese sue\u00f1o en una vivienda inteligente que te cuida, te acompa\u00f1a y se adapta a tu forma de vivir.&nbsp;<\/p>\n<p>Dise\u00f1amos hogares donde la eficiencia y el dise\u00f1o se combinan con lo \u00faltimo en innovaci\u00f3n para darte una experiencia \u00fanica, todos los d\u00edas.<\/p>\n<p>\t\t\t\t\t\t\t\t\t\t\t\t\t\t\t<img loading=\"lazy\" decoding=\"async\" width=\"1536\" height=\"1024\" src=\"https:\/\/smart-home-company.com.ar\/arg\/wp-content\/uploads\/2026\/01\/Fachada-120.png\" alt=\"fachada 120\" srcset=\"https:\/\/smart-home-company.com.ar\/arg\/wp-content\/uploads\/2026\/01\/Fachada-120.png 1536w, https:\/\/smart-home-company.com.ar\/arg\/wp-content\/uploads\/2026\/01\/Fachada-120-300x200.png 300w, https:\/\/smart-home-company.com.ar\/arg\/wp-content\/uploads\/2026\/01\/Fachada-120-1024x683.png 1024w, https:\/\/smart-home-company.com.ar\/arg\/wp-content\/uploads\/2026\/01\/Fachada-120-768x512.png 768w\" sizes=\"auto, (max-width: 1536px) 100vw, 1536px\" \/>\t\t\t\t\t\t\t\t\t\t\t\t\t\t\t<\/p>\n<h3 data-elementor-setting-key=\"infocard_title\" data-elementor-inline-editing-toolbar=\"basic\" >Vivienda 125m2<\/h3>\n<p>Una acogedora vivienda de 125m2, concebida para un confort funcional diario, donde la innovaci\u00f3n, la inteligencia y la solidez moderna se integran en un dise\u00f1o contempor\u00e1neo.<\/p>\n<p>\t\t\t\t\t<a href=\"https:\/\/smart-home-company.com.ar\/arg\/vivienda-125m2\/\"><br \/>\n\t\t\t\t\t\t\t\t\tVer Proyecto<br \/>\n\t\t\t\t\t<\/a><br \/>\n\t\t\t\t\t\t\t\t\t\t\t\t\t\t\t<img loading=\"lazy\" decoding=\"async\" width=\"1024\" height=\"763\" src=\"https:\/\/smart-home-company.com.ar\/arg\/wp-content\/uploads\/2026\/01\/Fachada-90.jpg\" alt=\"fachada 90\" srcset=\"https:\/\/smart-home-company.com.ar\/arg\/wp-content\/uploads\/2026\/01\/Fachada-90.jpg 1024w, https:\/\/smart-home-company.com.ar\/arg\/wp-content\/uploads\/2026\/01\/Fachada-90-300x224.jpg 300w, https:\/\/smart-home-company.com.ar\/arg\/wp-content\/uploads\/2026\/01\/Fachada-90-768x572.jpg 768w\" sizes=\"auto, (max-width: 1024px) 100vw, 1024px\" \/>\t\t\t\t\t\t\t\t\t\t\t\t\t\t\t<\/p>\n<h3 data-elementor-setting-key=\"infocard_title\" data-elementor-inline-editing-toolbar=\"basic\" >Vivienda 90m2<\/h3>\n<p>Un proyecto pensado para vivir con comodidad diaria, integrando innovaci\u00f3n y dise\u00f1o inteligente en cada ambiente.<\/p>\n<p>\t\t\t\t\t<a href=\"https:\/\/smart-home-company.com.ar\/arg\/vivienda-90m2\/\"><br \/>\n\t\t\t\t\t\t\t\t\tVer Proyecto<br \/>\n\t\t\t\t\t<\/a><br \/>\n\t\t\t\t\t\t\t\t\t\t\t\t\t\t\t<img loading=\"lazy\" decoding=\"async\" width=\"1248\" height=\"832\" src=\"https:\/\/smart-home-company.com.ar\/arg\/wp-content\/uploads\/2026\/01\/Casa.png\" alt=\"casa\" srcset=\"https:\/\/smart-home-company.com.ar\/arg\/wp-content\/uploads\/2026\/01\/Casa.png 1248w, https:\/\/smart-home-company.com.ar\/arg\/wp-content\/uploads\/2026\/01\/Casa-300x200.png 300w, https:\/\/smart-home-company.com.ar\/arg\/wp-content\/uploads\/2026\/01\/Casa-1024x683.png 1024w, https:\/\/smart-home-company.com.ar\/arg\/wp-content\/uploads\/2026\/01\/Casa-768x512.png 768w\" sizes=\"auto, (max-width: 1248px) 100vw, 1248px\" \/>\t\t\t\t\t\t\t\t\t\t\t\t\t\t\t<\/p>\n<h3 data-elementor-setting-key=\"infocard_title\" data-elementor-inline-editing-toolbar=\"basic\" >Vivienda 75m2<\/h3>\n<p>Una vivienda pensada para un estilo de vida pr\u00e1ctico y eficiente, donde el dise\u00f1o inteligente optimiza cada espacio.<\/p>\n<p>\t\t\t\t\t<a href=\"https:\/\/smart-home-company.com.ar\/arg\/vivienda-75m2\/\"><br \/>\n\t\t\t\t\t\t\t\t\tVer Proyecto<br \/>\n\t\t\t\t\t<\/a><br \/>\n\t\t\t\t\t\t\t\t\t\t\t\t\t\t\t<img loading=\"lazy\" decoding=\"async\" width=\"1184\" height=\"864\" src=\"https:\/\/smart-home-company.com.ar\/arg\/wp-content\/uploads\/2026\/01\/Fachada-60-1.png\" alt=\"fachada 60\" srcset=\"https:\/\/smart-home-company.com.ar\/arg\/wp-content\/uploads\/2026\/01\/Fachada-60-1.png 1184w, https:\/\/smart-home-company.com.ar\/arg\/wp-content\/uploads\/2026\/01\/Fachada-60-1-300x219.png 300w, https:\/\/smart-home-company.com.ar\/arg\/wp-content\/uploads\/2026\/01\/Fachada-60-1-1024x747.png 1024w, https:\/\/smart-home-company.com.ar\/arg\/wp-content\/uploads\/2026\/01\/Fachada-60-1-768x560.png 768w\" sizes=\"auto, (max-width: 1184px) 100vw, 1184px\" \/>\t\t\t\t\t\t\t\t\t\t\t\t\t\t\t<\/p>\n<h3 data-elementor-setting-key=\"infocard_title\" data-elementor-inline-editing-toolbar=\"basic\" >Vivienda 60m2<\/h3>\n<p>Una acogedora vivienda de 60m2, donde la tecnolog\u00eda convierte la forma de vivir en un sue\u00f1o realizado.<\/p>\n<p>\t\t\t\t\t<a href=\"https:\/\/smart-home-company.com.ar\/arg\/vivienda-60m2\/\"><br \/>\n\t\t\t\t\t\t\t\t\tVer Proyecto<br \/>\n\t\t\t\t\t<\/a><br \/>\n\t\t\t\t\t\t\t\t\t\t\t\t\t\t\t<img loading=\"lazy\" decoding=\"async\" width=\"1024\" height=\"747\" src=\"https:\/\/smart-home-company.com.ar\/arg\/wp-content\/uploads\/2026\/01\/Casa-50m2.png\" alt=\"casa 50m2\" srcset=\"https:\/\/smart-home-company.com.ar\/arg\/wp-content\/uploads\/2026\/01\/Casa-50m2.png 1024w, https:\/\/smart-home-company.com.ar\/arg\/wp-content\/uploads\/2026\/01\/Casa-50m2-300x219.png 300w, https:\/\/smart-home-company.com.ar\/arg\/wp-content\/uploads\/2026\/01\/Casa-50m2-768x560.png 768w\" sizes=\"auto, (max-width: 1024px) 100vw, 1024px\" \/>\t\t\t\t\t\t\t\t\t\t\t\t\t\t\t<\/p>\n<h3 data-elementor-setting-key=\"infocard_title\" data-elementor-inline-editing-toolbar=\"basic\" >Vivienda 50m2<\/h3>\n<p>Una moderna vivienda de 50m2, sustentable para un estilo de vida sencillo, donde la tecnolog\u00eda se encarga de aliviar tu vida cotidiana.<\/p>\n<p>\t\t\t\t\t<a href=\"https:\/\/smart-home-company.com.ar\/arg\/vivienda-50m2\/\"><br \/>\n\t\t\t\t\t\t\t\t\tVer Proyecto<br \/>\n\t\t\t\t\t<\/a><br \/>\n\t\t\t\t\t\t\t\t\t\t\t\t\t\t\t<img loading=\"lazy\" decoding=\"async\" width=\"1477\" height=\"640\" src=\"https:\/\/smart-home-company.com.ar\/arg\/wp-content\/uploads\/2026\/01\/Fachada-40-1.png\" alt=\"fachada 40 1\" srcset=\"https:\/\/smart-home-company.com.ar\/arg\/wp-content\/uploads\/2026\/01\/Fachada-40-1.png 1477w, https:\/\/smart-home-company.com.ar\/arg\/wp-content\/uploads\/2026\/01\/Fachada-40-1-300x130.png 300w, https:\/\/smart-home-company.com.ar\/arg\/wp-content\/uploads\/2026\/01\/Fachada-40-1-1024x444.png 1024w, https:\/\/smart-home-company.com.ar\/arg\/wp-content\/uploads\/2026\/01\/Fachada-40-1-768x333.png 768w\" sizes=\"auto, (max-width: 1477px) 100vw, 1477px\" \/>\t\t\t\t\t\t\t\t\t\t\t\t\t\t\t<\/p>\n<h3 data-elementor-setting-key=\"infocard_title\" data-elementor-inline-editing-toolbar=\"basic\" >Vivienda 40m2<\/h3>\n<p>Una vivienda pensada para un estilo de vida pr\u00e1ctico y eficiente, donde el dise\u00f1o inteligente optimiza cada espacio.<\/p>\n<p>\t\t\t\t\t<a href=\"https:\/\/smart-home-company.com.ar\/arg\/vivienda-40m2\/\"><br \/>\n\t\t\t\t\t\t\t\t\tVer Proyecto<br \/>\n\t\t\t\t\t<\/a><\/p>\n<h1>Casas totalmente Inteligentes<\/h1>\n<p>Para que puedas entender un poco mejor con todo lo que trabajamos, te dejamos un link donde podr\u00e1s observar lo incre\u00edble que se siente automatizar tu hogar y rutina.<\/p>\n<p>https:\/\/www.youtube.com\/watch?v=xN3oazr_K2k<br \/>\n\t\t\t\t\t\t\t\t\t\t\t\t\t\t\t<img loading=\"lazy\" decoding=\"async\" width=\"1792\" height=\"2560\" src=\"https:\/\/smart-home-company.com.ar\/arg\/wp-content\/uploads\/2026\/01\/architecture-engineering-scaled.jpg\" alt=\"architecture engineering\" srcset=\"https:\/\/smart-home-company.com.ar\/arg\/wp-content\/uploads\/2026\/01\/architecture-engineering-scaled.jpg 1792w, https:\/\/smart-home-company.com.ar\/arg\/wp-content\/uploads\/2026\/01\/architecture-engineering-210x300.jpg 210w, https:\/\/smart-home-company.com.ar\/arg\/wp-content\/uploads\/2026\/01\/architecture-engineering-717x1024.jpg 717w, https:\/\/smart-home-company.com.ar\/arg\/wp-content\/uploads\/2026\/01\/architecture-engineering-768x1097.jpg 768w, https:\/\/smart-home-company.com.ar\/arg\/wp-content\/uploads\/2026\/01\/architecture-engineering-1075x1536.jpg 1075w, https:\/\/smart-home-company.com.ar\/arg\/wp-content\/uploads\/2026\/01\/architecture-engineering-1434x2048.jpg 1434w\" sizes=\"auto, (max-width: 1792px) 100vw, 1792px\" \/>\t\t\t\t\t\t\t\t\t\t\t\t\t\t\t<\/p>\n<h3>M\u00e1s de 20 a\u00f1os de trayectoria<\/h3>\n<p>\t\t\t\t\t\t\t\t\t\t\t\t\t\t\t<img loading=\"lazy\" decoding=\"async\" width=\"1707\" height=\"2560\" src=\"https:\/\/smart-home-company.com.ar\/arg\/wp-content\/uploads\/2026\/01\/el-trabajador-esta-cortando-cables-con-unos-alicates-de-instalador-de-lineas-scaled.jpg\" alt=\"worker is cutting wires with lineman&#039;s pliers.\" srcset=\"https:\/\/smart-home-company.com.ar\/arg\/wp-content\/uploads\/2026\/01\/el-trabajador-esta-cortando-cables-con-unos-alicates-de-instalador-de-lineas-scaled.jpg 1707w, https:\/\/smart-home-company.com.ar\/arg\/wp-content\/uploads\/2026\/01\/el-trabajador-esta-cortando-cables-con-unos-alicates-de-instalador-de-lineas-200x300.jpg 200w, https:\/\/smart-home-company.com.ar\/arg\/wp-content\/uploads\/2026\/01\/el-trabajador-esta-cortando-cables-con-unos-alicates-de-instalador-de-lineas-683x1024.jpg 683w, https:\/\/smart-home-company.com.ar\/arg\/wp-content\/uploads\/2026\/01\/el-trabajador-esta-cortando-cables-con-unos-alicates-de-instalador-de-lineas-768x1152.jpg 768w, https:\/\/smart-home-company.com.ar\/arg\/wp-content\/uploads\/2026\/01\/el-trabajador-esta-cortando-cables-con-unos-alicates-de-instalador-de-lineas-1024x1536.jpg 1024w, https:\/\/smart-home-company.com.ar\/arg\/wp-content\/uploads\/2026\/01\/el-trabajador-esta-cortando-cables-con-unos-alicates-de-instalador-de-lineas-1365x2048.jpg 1365w\" sizes=\"auto, (max-width: 1707px) 100vw, 1707px\" \/>\t\t\t\t\t\t\t\t\t\t\t\t\t\t\t<\/p>\n<h3>M\u00e1s de 30 proyectos realizados<\/h3>\n<p>\t\t\t\t\t\t\t\t\t\t\t\t\t\t\t<img loading=\"lazy\" decoding=\"async\" width=\"698\" height=\"369\" src=\"https:\/\/smart-home-company.com.ar\/arg\/wp-content\/uploads\/2026\/01\/sustentabilidad.png\" alt=\"sustentabilidad\" srcset=\"https:\/\/smart-home-company.com.ar\/arg\/wp-content\/uploads\/2026\/01\/sustentabilidad.png 698w, https:\/\/smart-home-company.com.ar\/arg\/wp-content\/uploads\/2026\/01\/sustentabilidad-300x159.png 300w\" sizes=\"auto, (max-width: 698px) 100vw, 698px\" \/>\t\t\t\t\t\t\t\t\t\t\t\t\t\t\t<\/p>\n<h3>100% Sustentabilidad, Eficiencia, Calidad e Innovaci\u00f3n<\/h3>\n<p>\t\t\t\t\t\t\t\t\t\t\t\t\t\t\t<img loading=\"lazy\" decoding=\"async\" width=\"584\" height=\"376\" src=\"https:\/\/smart-home-company.com.ar\/arg\/wp-content\/uploads\/2026\/01\/clientes.png\" alt=\"clientes\" srcset=\"https:\/\/smart-home-company.com.ar\/arg\/wp-content\/uploads\/2026\/01\/clientes.png 584w, https:\/\/smart-home-company.com.ar\/arg\/wp-content\/uploads\/2026\/01\/clientes-300x193.png 300w\" sizes=\"auto, (max-width: 584px) 100vw, 584px\" \/>\t\t\t\t\t\t\t\t\t\t\t\t\t\t\t<\/p>\n<h3>100% Tasa de clientes satisfechos<\/h3>\n<p>\t\t\t\t\t\t\t\t\t\t\t\t\t\t\t<img loading=\"lazy\" decoding=\"async\" width=\"1707\" height=\"2560\" src=\"https:\/\/smart-home-company.com.ar\/arg\/wp-content\/uploads\/2026\/01\/concepto-de-ingenieria-con-gente-joven-scaled.jpg\" alt=\"concepto de ingenieria con gente joven\" srcset=\"https:\/\/smart-home-company.com.ar\/arg\/wp-content\/uploads\/2026\/01\/concepto-de-ingenieria-con-gente-joven-scaled.jpg 1707w, https:\/\/smart-home-company.com.ar\/arg\/wp-content\/uploads\/2026\/01\/concepto-de-ingenieria-con-gente-joven-200x300.jpg 200w, https:\/\/smart-home-company.com.ar\/arg\/wp-content\/uploads\/2026\/01\/concepto-de-ingenieria-con-gente-joven-683x1024.jpg 683w, https:\/\/smart-home-company.com.ar\/arg\/wp-content\/uploads\/2026\/01\/concepto-de-ingenieria-con-gente-joven-768x1152.jpg 768w, https:\/\/smart-home-company.com.ar\/arg\/wp-content\/uploads\/2026\/01\/concepto-de-ingenieria-con-gente-joven-1024x1536.jpg 1024w, https:\/\/smart-home-company.com.ar\/arg\/wp-content\/uploads\/2026\/01\/concepto-de-ingenieria-con-gente-joven-1365x2048.jpg 1365w\" sizes=\"auto, (max-width: 1707px) 100vw, 1707px\" \/>\t\t\t\t\t\t\t\t\t\t\t\t\t\t\t<\/p>\n<h2>SMART HOME COMPANY<\/h2>\n<p>\u00abEs el momento de vivir como siempre so\u00f1aste\u00bb<\/p>\n<p>info@smart-home-company.com.ar<\/p>\n<p>\t\t\t\t\t<a href=\"https:\/\/www.facebook.com\/profile.php?id=61585168493263\"><br \/>\n\t\t\t\t\t\tFacebook-f<br \/>\n\t\t\t\t\t\t\t\t\t\t\t<\/a><br \/>\n\t\t\t\t\t<a href=\"https:\/\/www.instagram.com\/smarthomecompany.ok\/\"><br \/>\n\t\t\t\t\t\tInstagram<br \/>\n\t\t\t\t\t\t\t\t\t\t\t<\/a><br \/>\n\t\t\t\t\t<a href=\"https:\/\/api.whatsapp.com\/send\/?phone=%2B5492804777026&#038;text&#038;type=phone_number&#038;app_absent=0\" target=\"_blank\"><br \/>\n\t\t\t\t\t\tWhatsapp<br \/>\n\t\t\t\t\t\t\t\t\t\t\t<\/a><br \/>\n\t\t\t\t\t<a href=\"https:\/\/www.youtube.com\/@Smarthomecompany-g3z2w\" target=\"_blank\"><br \/>\n\t\t\t\t\t\tYoutube<br \/>\n\t\t\t\t\t\t\t\t\t\t\t<\/a><\/p>\n<ul>\n<li>\n\t\t\t\t\t\t\t\t\t\tSan Lorenzo  N\u00b0492, Puerto Madryn\n\t\t\t\t\t\t\t\t\t<\/li>\n<li>\n\t\t\t\t\t\t\t\t\t\t2804777026\n\t\t\t\t\t\t\t\t\t<\/li>\n<li>\n\t\t\t\t\t\t\t\t\t\tHorarios de atenci\u00f3n: 9am -5pm\n\t\t\t\t\t\t\t\t\t<\/li>\n<\/ul>\n<p>\t\t\t<iframe loading=\"lazy\"\n\t\t\t\t\tsrc=\"https:\/\/maps.google.com\/maps?q=SAN%20LORENZO%20492%2C%20PUERTO%20MADRYN&#038;t=m&#038;z=15&#038;output=embed&#038;iwloc=near\"\n\t\t\t\t\ttitle=\"SAN LORENZO 492, PUERTO MADRYN\"\n\t\t\t\t\taria-label=\"SAN LORENZO 492, PUERTO MADRYN\"\n\t\t\t><\/iframe><\/p>\n","protected":false},"excerpt":{"rendered":"<p>\u00abDise\u00f1amos y construimos el sue\u00f1o de tu vida\u00bb SMART HOME COMPANY VER M\u00c1S Todo lo que necesitas para construir tu casa ideal, en un solo lugar SERVICIOSEn Smart Home Company ofrecemos un servicio 100% integral, pensado para que vivas una experiencia simple, segura y sin complicaciones. Nos encargamos de cada etapa del proyecto, desde la [&hellip;]<\/p>\n","protected":false},"author":2,"featured_media":0,"parent":0,"menu_order":0,"comment_status":"closed","ping_status":"closed","template":"","meta":{"site-sidebar-layout":"no-sidebar","site-content-layout":"page-builder","ast-site-content-layout":"full-width-container","site-content-style":"unboxed","site-sidebar-style":"unboxed","ast-global-header-display":"","ast-banner-title-visibility":"","ast-main-header-display":"","ast-hfb-above-header-display":"","ast-hfb-below-header-display":"","ast-hfb-mobile-header-display":"","site-post-title":"disabled","ast-breadcrumbs-content":"","ast-featured-img":"disabled","footer-sml-layout":"","ast-disable-related-posts":"","theme-transparent-header-meta":"disabled","adv-header-id-meta":"","stick-header-meta":"","header-above-stick-meta":"","header-main-stick-meta":"","header-below-stick-meta":"","astra-migrate-meta-layouts":"set","ast-page-background-enabled":"default","ast-page-background-meta":{"desktop":{"background-color":"var(--ast-global-color-4)","background-image":"","background-repeat":"repeat","background-position":"center center","background-size":"auto","background-attachment":"scroll","background-type":"","background-media":"","overlay-type":"","overlay-color":"","overlay-opacity":"","overlay-gradient":""},"tablet":{"background-color":"","background-image":"","background-repeat":"repeat","background-position":"center center","background-size":"auto","background-attachment":"scroll","background-type":"","background-media":"","overlay-type":"","overlay-color":"","overlay-opacity":"","overlay-gradient":""},"mobile":{"background-color":"","background-image":"","background-repeat":"repeat","background-position":"center center","background-size":"auto","background-attachment":"scroll","background-type":"","background-media":"","overlay-type":"","overlay-color":"","overlay-opacity":"","overlay-gradient":""}},"ast-content-background-meta":{"desktop":{"background-color":"var(--ast-global-color-5)","background-image":"","background-repeat":"repeat","background-position":"center center","background-size":"auto","background-attachment":"scroll","background-type":"","background-media":"","overlay-type":"","overlay-color":"","overlay-opacity":"","overlay-gradient":""},"tablet":{"background-color":"var(--ast-global-color-5)","background-image":"","background-repeat":"repeat","background-position":"center center","background-size":"auto","background-attachment":"scroll","background-type":"","background-media":"","overlay-type":"","overlay-color":"","overlay-opacity":"","overlay-gradient":""},"mobile":{"background-color":"var(--ast-global-color-5)","background-image":"","background-repeat":"repeat","background-position":"center center","background-size":"auto","background-attachment":"scroll","background-type":"","background-media":"","overlay-type":"","overlay-color":"","overlay-opacity":"","overlay-gradient":""}},"footnotes":""},"class_list":["post-11","page","type-page","status-publish","hentry"],"_links":{"self":[{"href":"https:\/\/smart-home-company.com.ar\/arg\/wp-json\/wp\/v2\/pages\/11","targetHints":{"allow":["GET"]}}],"collection":[{"href":"https:\/\/smart-home-company.com.ar\/arg\/wp-json\/wp\/v2\/pages"}],"about":[{"href":"https:\/\/smart-home-company.com.ar\/arg\/wp-json\/wp\/v2\/types\/page"}],"author":[{"embeddable":true,"href":"https:\/\/smart-home-company.com.ar\/arg\/wp-json\/wp\/v2\/users\/2"}],"replies":[{"embeddable":true,"href":"https:\/\/smart-home-company.com.ar\/arg\/wp-json\/wp\/v2\/comments?post=11"}],"version-history":[{"count":116,"href":"https:\/\/smart-home-company.com.ar\/arg\/wp-json\/wp\/v2\/pages\/11\/revisions"}],"predecessor-version":[{"id":3958,"href":"https:\/\/smart-home-company.com.ar\/arg\/wp-json\/wp\/v2\/pages\/11\/revisions\/3958"}],"wp:attachment":[{"href":"https:\/\/smart-home-company.com.ar\/arg\/wp-json\/wp\/v2\/media?parent=11"}],"curies":[{"name":"wp","href":"https:\/\/api.w.org\/{rel}","templated":true}]}}