{"id":1320,"date":"2025-12-31T15:38:49","date_gmt":"2025-12-31T15:38:49","guid":{"rendered":"https:\/\/smart-home-company.com.ar\/arg\/services\/"},"modified":"2026-01-15T15:19:29","modified_gmt":"2026-01-15T15:19:29","slug":"domotica","status":"publish","type":"page","link":"https:\/\/smart-home-company.com.ar\/arg\/domotica\/","title":{"rendered":"Dom\u00f3tica"},"content":{"rendered":"<h1>DOM\u00d3TICA <\/h1>\n<p>\t\t\t\t\t\t\t\t\t\t\t\t\t\t\t<img loading=\"lazy\" decoding=\"async\" width=\"1344\" height=\"768\" src=\"https:\/\/smart-home-company.com.ar\/arg\/wp-content\/uploads\/2026\/01\/tablet.png\" alt=\"tablet\" srcset=\"https:\/\/smart-home-company.com.ar\/arg\/wp-content\/uploads\/2026\/01\/tablet.png 1344w, https:\/\/smart-home-company.com.ar\/arg\/wp-content\/uploads\/2026\/01\/tablet-300x171.png 300w, https:\/\/smart-home-company.com.ar\/arg\/wp-content\/uploads\/2026\/01\/tablet-1024x585.png 1024w, https:\/\/smart-home-company.com.ar\/arg\/wp-content\/uploads\/2026\/01\/tablet-768x439.png 768w\" sizes=\"auto, (max-width: 1344px) 100vw, 1344px\" \/>\t\t\t\t\t\t\t\t\t\t\t\t\t\t\t<\/p>\n<h4>Los beneficios de vivir en una casa que piensa en vos<\/h4>\n<p>Tu casa no deber\u00eda exigirte m\u00e1s, deber\u00eda cuidarte, cuidar tu tiempo, tu descanso, tu tranquilidad.<br \/>Una casa que se adapta a tu ritmo, que entiende cu\u00e1ndo acompa\u00f1ar y cu\u00e1ndo simplemente estar.<br \/>Que protege cuando no est\u00e1s y te recibe cuando volv\u00e9s.<br \/>Esto no es tecnolog\u00eda, es bienestar, es calma, es sentir que todo est\u00e1 en su lugar.<\/p>\n<p><b>SMART HOME COMPANY<\/b><\/p>\n<h2>\u00abConstruimos hogares inteligentes pensados para vivir mejor, todos los d\u00edas\u00bb<\/h2>\n","protected":false},"excerpt":{"rendered":"<p>DOM\u00d3TICA Los beneficios de vivir en una casa que piensa en vos Tu casa no deber\u00eda exigirte m\u00e1s, deber\u00eda cuidarte, cuidar tu tiempo, tu descanso, tu tranquilidad.Una casa que se adapta a tu ritmo, que entiende cu\u00e1ndo acompa\u00f1ar y cu\u00e1ndo simplemente estar.Que protege cuando no est\u00e1s y te recibe cuando volv\u00e9s.Esto no es tecnolog\u00eda, es [&hellip;]<\/p>\n","protected":false},"author":2,"featured_media":0,"parent":0,"menu_order":0,"comment_status":"closed","ping_status":"closed","template":"","meta":{"site-sidebar-layout":"no-sidebar","site-content-layout":"page-builder","ast-site-content-layout":"full-width-container","site-content-style":"unboxed","site-sidebar-style":"unboxed","ast-global-header-display":"","ast-banner-title-visibility":"","ast-main-header-display":"","ast-hfb-above-header-display":"","ast-hfb-below-header-display":"","ast-hfb-mobile-header-display":"","site-post-title":"disabled","ast-breadcrumbs-content":"","ast-featured-img":"disabled","footer-sml-layout":"","ast-disable-related-posts":"","theme-transparent-header-meta":"disabled","adv-header-id-meta":"","stick-header-meta":"","header-above-stick-meta":"","header-main-stick-meta":"","header-below-stick-meta":"","astra-migrate-meta-layouts":"set","ast-page-background-enabled":"default","ast-page-background-meta":{"desktop":{"background-color":"var(--ast-global-color-4)","background-image":"","background-repeat":"repeat","background-position":"center center","background-size":"auto","background-attachment":"scroll","background-type":"","background-media":"","overlay-type":"","overlay-color":"","overlay-opacity":"","overlay-gradient":""},"tablet":{"background-color":"","background-image":"","background-repeat":"repeat","background-position":"center center","background-size":"auto","background-attachment":"scroll","background-type":"","background-media":"","overlay-type":"","overlay-color":"","overlay-opacity":"","overlay-gradient":""},"mobile":{"background-color":"","background-image":"","background-repeat":"repeat","background-position":"center center","background-size":"auto","background-attachment":"scroll","background-type":"","background-media":"","overlay-type":"","overlay-color":"","overlay-opacity":"","overlay-gradient":""}},"ast-content-background-meta":{"desktop":{"background-color":"var(--ast-global-color-5)","background-image":"","background-repeat":"repeat","background-position":"center center","background-size":"auto","background-attachment":"scroll","background-type":"","background-media":"","overlay-type":"","overlay-color":"","overlay-opacity":"","overlay-gradient":""},"tablet":{"background-color":"var(--ast-global-color-5)","background-image":"","background-repeat":"repeat","background-position":"center center","background-size":"auto","background-attachment":"scroll","background-type":"","background-media":"","overlay-type":"","overlay-color":"","overlay-opacity":"","overlay-gradient":""},"mobile":{"background-color":"var(--ast-global-color-5)","background-image":"","background-repeat":"repeat","background-position":"center center","background-size":"auto","background-attachment":"scroll","background-type":"","background-media":"","overlay-type":"","overlay-color":"","overlay-opacity":"","overlay-gradient":""}},"footnotes":""},"class_list":["post-1320","page","type-page","status-publish","hentry"],"_links":{"self":[{"href":"https:\/\/smart-home-company.com.ar\/arg\/wp-json\/wp\/v2\/pages\/1320","targetHints":{"allow":["GET"]}}],"collection":[{"href":"https:\/\/smart-home-company.com.ar\/arg\/wp-json\/wp\/v2\/pages"}],"about":[{"href":"https:\/\/smart-home-company.com.ar\/arg\/wp-json\/wp\/v2\/types\/page"}],"author":[{"embeddable":true,"href":"https:\/\/smart-home-company.com.ar\/arg\/wp-json\/wp\/v2\/users\/2"}],"replies":[{"embeddable":true,"href":"https:\/\/smart-home-company.com.ar\/arg\/wp-json\/wp\/v2\/comments?post=1320"}],"version-history":[{"count":20,"href":"https:\/\/smart-home-company.com.ar\/arg\/wp-json\/wp\/v2\/pages\/1320\/revisions"}],"predecessor-version":[{"id":3558,"href":"https:\/\/smart-home-company.com.ar\/arg\/wp-json\/wp\/v2\/pages\/1320\/revisions\/3558"}],"wp:attachment":[{"href":"https:\/\/smart-home-company.com.ar\/arg\/wp-json\/wp\/v2\/media?parent=1320"}],"curies":[{"name":"wp","href":"https:\/\/api.w.org\/{rel}","templated":true}]}}