{"id":3782,"date":"2026-01-15T15:36:48","date_gmt":"2026-01-15T15:36:48","guid":{"rendered":"https:\/\/smart-home-company.com.ar\/arg\/?page_id=3782"},"modified":"2026-02-12T14:45:32","modified_gmt":"2026-02-12T14:45:32","slug":"vivienda-125m2","status":"publish","type":"page","link":"https:\/\/smart-home-company.com.ar\/arg\/vivienda-125m2\/","title":{"rendered":"Vivienda 125m2"},"content":{"rendered":"<h2>Vivienda 125m2<\/h2>\n<p>Una acogedora vivienda de 125m2, concebida para un confort funcional diario, donde la innovaci\u00f3n, la inteligencia y la solidez moderna se integran en un dise\u00f1o contempor\u00e1neo.<\/p>\n<p><\/p>\n<h3>| PLANTA ARQUITECTURA&nbsp;<\/h3>\n<p>\t\t\t\t\t\t\t\t\t\t\t\t\t\t\t<img loading=\"lazy\" decoding=\"async\" width=\"1024\" height=\"576\" src=\"https:\/\/smart-home-company.com.ar\/arg\/wp-content\/uploads\/2026\/01\/Smart-Home-Presentacion-IMP-1024x576.jpg\" alt=\"smart home presentaci\u00f3n imp\" srcset=\"https:\/\/smart-home-company.com.ar\/arg\/wp-content\/uploads\/2026\/01\/Smart-Home-Presentacion-IMP-1024x576.jpg 1024w, https:\/\/smart-home-company.com.ar\/arg\/wp-content\/uploads\/2026\/01\/Smart-Home-Presentacion-IMP-300x169.jpg 300w, https:\/\/smart-home-company.com.ar\/arg\/wp-content\/uploads\/2026\/01\/Smart-Home-Presentacion-IMP-768x432.jpg 768w, https:\/\/smart-home-company.com.ar\/arg\/wp-content\/uploads\/2026\/01\/Smart-Home-Presentacion-IMP-1536x864.jpg 1536w, https:\/\/smart-home-company.com.ar\/arg\/wp-content\/uploads\/2026\/01\/Smart-Home-Presentacion-IMP.jpg 1920w\" sizes=\"auto, (max-width: 1024px) 100vw, 1024px\" \/>\t\t\t\t\t\t\t\t\t\t\t\t\t\t\t<\/p>\n<figure><img decoding=\"async\" src=\"https:\/\/smart-home-company.com.ar\/arg\/wp-content\/uploads\/elementor\/thumbs\/Estar-5-4-rhp5hfj5qw06r4f3i1lgdwpq4qftcwspeimqw3akp4.jpeg\" alt=\"estar 5\" \/><\/figure>\n<figure><img decoding=\"async\" src=\"https:\/\/smart-home-company.com.ar\/arg\/wp-content\/uploads\/elementor\/thumbs\/cocina-3-1-rhp5h493gvkqvsvhbwpxjzk703zesjjxcysx4rrars.jpeg\" alt=\"cocina 3\" \/><\/figure>\n<figure><img decoding=\"async\" src=\"https:\/\/smart-home-company.com.ar\/arg\/wp-content\/uploads\/elementor\/thumbs\/Dormitorio-1-rhp5h80g87pw68q0pycftym1dngvnbyuphev1vlq2w.png\" alt=\"dormitorio\" \/><\/figure>\n<figure><img decoding=\"async\" src=\"https:\/\/smart-home-company.com.ar\/arg\/wp-content\/uploads\/elementor\/thumbs\/Fachada-noche-iluminada-1-rhp5hk8cp26md689qlml8dj13nsnfebd35w6ah3lu0.png\" alt=\"fachada noche iluminada 1\" \/><\/figure>\n<figure><img decoding=\"async\" src=\"https:\/\/smart-home-company.com.ar\/arg\/wp-content\/uploads\/elementor\/thumbs\/estar6-2-rhp5hggzxq1h2qdqck02yeh6q4b6klwfqna8dd96iw.jpeg\" alt=\"estar6\" \/><\/figure>\n<figure><img decoding=\"async\" src=\"https:\/\/smart-home-company.com.ar\/arg\/wp-content\/uploads\/elementor\/thumbs\/Hall-ingreso-2-rhp5hpvdu2ecau02to2cnc3snz0upkxr3xt364v8so.png\" alt=\"hall ingreso 2\" \/><\/figure>\n<figure><img decoding=\"async\" src=\"https:\/\/smart-home-company.com.ar\/arg\/wp-content\/uploads\/elementor\/thumbs\/Dormitorio1-1-rhp5helbk1ywfiggnj6ttey9jckg57oz2dz9etbyvc.jpeg\" alt=\"dormitorio1\" \/><\/figure>\n<figure><img decoding=\"async\" src=\"https:\/\/smart-home-company.com.ar\/arg\/wp-content\/uploads\/elementor\/thumbs\/ChatGPT-Image-1-dic-2025-12_53_12-p.m-rhp5h1fkwdgvwyzksdi1ui9t7ydb5g8qckugoxvhag.png\" alt=\"chatgpt image 1 dic 2025, 12 53 12 p.m.\" \/><\/figure>\n<figure><img decoding=\"async\" src=\"https:\/\/smart-home-company.com.ar\/arg\/wp-content\/uploads\/elementor\/thumbs\/Antebano-2-1-rhp5gvsjrd95zb7rpb2afjp1nn53v9mcbsxjta3ubs.png\" alt=\"anteba\u00f1o 2\" \/><\/figure>\n<div class=\"ast-oembed-container \" style=\"height: 100%;\"><iframe loading=\"lazy\" title=\"SMART HOME COMPANY - CASAS INTELIGENTES\" width=\"500\" height=\"281\" src=\"https:\/\/www.youtube.com\/embed\/Kxy6cnwFlZE?feature=oembed\" frameborder=\"0\" allow=\"accelerometer; autoplay; clipboard-write; encrypted-media; gyroscope; picture-in-picture; web-share\" referrerpolicy=\"strict-origin-when-cross-origin\" allowfullscreen><\/iframe><\/div>\n<h2>\u00abEs el momento de vivir como siempre so\u00f1aste\u00bb<\/h2>\n<p>\t\t\t\tSMART HOME COMPANY<\/p>\n","protected":false},"excerpt":{"rendered":"<p>Vivienda 125m2 Una acogedora vivienda de 125m2, concebida para un confort funcional diario, donde la innovaci\u00f3n, la inteligencia y la solidez moderna se integran en un dise\u00f1o contempor\u00e1neo. | PLANTA ARQUITECTURA&nbsp; \u00abEs el momento de vivir como siempre so\u00f1aste\u00bb SMART HOME COMPANY<\/p>\n","protected":false},"author":2,"featured_media":0,"parent":0,"menu_order":0,"comment_status":"closed","ping_status":"closed","template":"","meta":{"site-sidebar-layout":"no-sidebar","site-content-layout":"page-builder","ast-site-content-layout":"full-width-container","site-content-style":"default","site-sidebar-style":"default","ast-global-header-display":"","ast-banner-title-visibility":"","ast-main-header-display":"","ast-hfb-above-header-display":"","ast-hfb-below-header-display":"","ast-hfb-mobile-header-display":"","site-post-title":"disabled","ast-breadcrumbs-content":"","ast-featured-img":"disabled","footer-sml-layout":"","ast-disable-related-posts":"","theme-transparent-header-meta":"","adv-header-id-meta":"","stick-header-meta":"","header-above-stick-meta":"","header-main-stick-meta":"","header-below-stick-meta":"","astra-migrate-meta-layouts":"set","ast-page-background-enabled":"default","ast-page-background-meta":{"desktop":{"background-color":"var(--ast-global-color-4)","background-image":"","background-repeat":"repeat","background-position":"center center","background-size":"auto","background-attachment":"scroll","background-type":"","background-media":"","overlay-type":"","overlay-color":"","overlay-opacity":"","overlay-gradient":""},"tablet":{"background-color":"","background-image":"","background-repeat":"repeat","background-position":"center center","background-size":"auto","background-attachment":"scroll","background-type":"","background-media":"","overlay-type":"","overlay-color":"","overlay-opacity":"","overlay-gradient":""},"mobile":{"background-color":"","background-image":"","background-repeat":"repeat","background-position":"center center","background-size":"auto","background-attachment":"scroll","background-type":"","background-media":"","overlay-type":"","overlay-color":"","overlay-opacity":"","overlay-gradient":""}},"ast-content-background-meta":{"desktop":{"background-color":"var(--ast-global-color-5)","background-image":"","background-repeat":"repeat","background-position":"center center","background-size":"auto","background-attachment":"scroll","background-type":"","background-media":"","overlay-type":"","overlay-color":"","overlay-opacity":"","overlay-gradient":""},"tablet":{"background-color":"var(--ast-global-color-5)","background-image":"","background-repeat":"repeat","background-position":"center center","background-size":"auto","background-attachment":"scroll","background-type":"","background-media":"","overlay-type":"","overlay-color":"","overlay-opacity":"","overlay-gradient":""},"mobile":{"background-color":"var(--ast-global-color-5)","background-image":"","background-repeat":"repeat","background-position":"center center","background-size":"auto","background-attachment":"scroll","background-type":"","background-media":"","overlay-type":"","overlay-color":"","overlay-opacity":"","overlay-gradient":""}},"footnotes":""},"class_list":["post-3782","page","type-page","status-publish","hentry"],"_links":{"self":[{"href":"https:\/\/smart-home-company.com.ar\/arg\/wp-json\/wp\/v2\/pages\/3782","targetHints":{"allow":["GET"]}}],"collection":[{"href":"https:\/\/smart-home-company.com.ar\/arg\/wp-json\/wp\/v2\/pages"}],"about":[{"href":"https:\/\/smart-home-company.com.ar\/arg\/wp-json\/wp\/v2\/types\/page"}],"author":[{"embeddable":true,"href":"https:\/\/smart-home-company.com.ar\/arg\/wp-json\/wp\/v2\/users\/2"}],"replies":[{"embeddable":true,"href":"https:\/\/smart-home-company.com.ar\/arg\/wp-json\/wp\/v2\/comments?post=3782"}],"version-history":[{"count":13,"href":"https:\/\/smart-home-company.com.ar\/arg\/wp-json\/wp\/v2\/pages\/3782\/revisions"}],"predecessor-version":[{"id":3966,"href":"https:\/\/smart-home-company.com.ar\/arg\/wp-json\/wp\/v2\/pages\/3782\/revisions\/3966"}],"wp:attachment":[{"href":"https:\/\/smart-home-company.com.ar\/arg\/wp-json\/wp\/v2\/media?parent=3782"}],"curies":[{"name":"wp","href":"https:\/\/api.w.org\/{rel}","templated":true}]}}